{"id":10838,"date":"2022-12-19T10:06:45","date_gmt":"2022-12-19T09:06:45","guid":{"rendered":"https:\/\/www.swisscanto-1e.ch\/portrait\/histoire\/"},"modified":"2023-08-08T14:57:20","modified_gmt":"2023-08-08T12:57:20","slug":"histoire","status":"publish","type":"page","link":"https:\/\/www.swisscanto-1e.ch\/fr\/portrait\/histoire\/","title":{"rendered":"Histoire"},"content":{"rendered":"\t\t<div data-elementor-type=\"wp-page\" data-elementor-id=\"10838\" class=\"elementor elementor-10838 elementor-7728\" data-elementor-settings=\"{&quot;ha_cmc_init_switcher&quot;:&quot;no&quot;}\" data-elementor-post-type=\"page\">\n\t\t\t\t\t\t<section class=\"elementor-section elementor-top-section elementor-element elementor-element-67b5739 elementor-section-boxed elementor-section-height-default elementor-section-height-default\" data-id=\"67b5739\" data-element_type=\"section\" data-settings=\"{&quot;_ha_eqh_enable&quot;:false}\">\n\t\t\t\t\t\t<div class=\"elementor-container elementor-column-gap-default\">\n\t\t\t\t\t<div class=\"elementor-column elementor-col-100 elementor-top-column elementor-element elementor-element-de12916\" data-id=\"de12916\" data-element_type=\"column\">\n\t\t\t<div class=\"elementor-widget-wrap elementor-element-populated\">\n\t\t\t\t\t\t<div class=\"elementor-element elementor-element-66a891b elementor-widget elementor-widget-heading\" data-id=\"66a891b\" data-element_type=\"widget\" data-widget_type=\"heading.default\">\n\t\t\t\t<div class=\"elementor-widget-container\">\n\t\t\t\t\t<h1 class=\"elementor-heading-title elementor-size-default\">Histoire<\/h1>\t\t\t\t<\/div>\n\t\t\t\t<\/div>\n\t\t\t\t<div class=\"elementor-element elementor-element-9e62404 elementor-widget elementor-widget-text-editor\" data-id=\"9e62404\" data-element_type=\"widget\" data-widget_type=\"text-editor.default\">\n\t\t\t\t<div class=\"elementor-widget-container\">\n\t\t\t\t\t\t\t\t\t<p>La Swisscanto 1e Fondation Collective a \u00e9t\u00e9 fond\u00e9e en 2017. Avec la suppression des garanties minimales de l&rsquo;article 15 FZG et de l&rsquo;article 17 FZG, le cadre juridique a \u00e9t\u00e9 cr\u00e9\u00e9 afin de pouvoir offrir une certaine marge de man\u0153uvre dans l&rsquo;individualisation des investissements dans la partie surobligatoire de la pr\u00e9voyance professionnelle.<\/p>\n\t\t\t\t\t\t\t\t<\/div>\n\t\t\t\t<\/div>\n\t\t\t\t\t<\/div>\n\t\t<\/div>\n\t\t\t\t\t<\/div>\n\t\t<\/section>\n\t\t\t\t<section class=\"elementor-section elementor-top-section elementor-element elementor-element-778e32b elementor-section-boxed elementor-section-height-default elementor-section-height-default\" data-id=\"778e32b\" data-element_type=\"section\" data-settings=\"{&quot;_ha_eqh_enable&quot;:false}\">\n\t\t\t\t\t\t<div class=\"elementor-container elementor-column-gap-no\">\n\t\t\t\t\t<div class=\"elementor-column elementor-col-100 elementor-top-column elementor-element elementor-element-ea95f85\" data-id=\"ea95f85\" data-element_type=\"column\">\n\t\t\t<div class=\"elementor-widget-wrap elementor-element-populated\">\n\t\t\t\t\t\t<div class=\"elementor-element elementor-element-8fca602 elementor-widget elementor-widget-image\" data-id=\"8fca602\" data-element_type=\"widget\" data-widget_type=\"image.default\">\n\t\t\t\t<div class=\"elementor-widget-container\">\n\t\t\t\t\t\t\t\t\t\t\t\t\t\t\t<img fetchpriority=\"high\" decoding=\"async\" width=\"800\" height=\"400\" src=\"https:\/\/www.swisscanto-1e.ch\/wp-content\/uploads\/2023\/01\/Geschichte-1e_Header-1.jpg\" class=\"attachment-large size-large wp-image-10529\" alt=\"\" srcset=\"https:\/\/www.swisscanto-1e.ch\/wp-content\/uploads\/2023\/01\/Geschichte-1e_Header-1.jpg 1920w, https:\/\/www.swisscanto-1e.ch\/wp-content\/uploads\/2023\/01\/Geschichte-1e_Header-1-300x150.jpg 300w, https:\/\/www.swisscanto-1e.ch\/wp-content\/uploads\/2023\/01\/Geschichte-1e_Header-1-768x384.jpg 768w, https:\/\/www.swisscanto-1e.ch\/wp-content\/uploads\/2023\/01\/Geschichte-1e_Header-1-1536x768.jpg 1536w\" sizes=\"(max-width: 800px) 100vw, 800px\" \/>\t\t\t\t\t\t\t\t\t\t\t\t\t\t\t<\/div>\n\t\t\t\t<\/div>\n\t\t\t\t\t<\/div>\n\t\t<\/div>\n\t\t\t\t\t<\/div>\n\t\t<\/section>\n\t\t\t\t<section class=\"elementor-section elementor-top-section elementor-element elementor-element-2ec3f88 elementor-section-boxed elementor-section-height-default elementor-section-height-default\" data-id=\"2ec3f88\" data-element_type=\"section\" data-settings=\"{&quot;_ha_eqh_enable&quot;:false}\">\n\t\t\t\t\t\t<div class=\"elementor-container elementor-column-gap-default\">\n\t\t\t\t\t<div class=\"elementor-column elementor-col-50 elementor-top-column elementor-element elementor-element-0a91140\" data-id=\"0a91140\" data-element_type=\"column\">\n\t\t\t<div class=\"elementor-widget-wrap elementor-element-populated\">\n\t\t\t\t\t\t<div class=\"elementor-element elementor-element-c38a762 elementor-widget elementor-widget-image\" data-id=\"c38a762\" data-element_type=\"widget\" data-widget_type=\"image.default\">\n\t\t\t\t<div class=\"elementor-widget-container\">\n\t\t\t\t\t\t\t\t\t\t\t\t\t\t\t<img decoding=\"async\" width=\"800\" height=\"533\" src=\"https:\/\/www.swisscanto-1e.ch\/wp-content\/uploads\/2023\/01\/Wer-wir-sind-1e_klein-2.jpg\" class=\"attachment-large size-large wp-image-10532\" alt=\"\" srcset=\"https:\/\/www.swisscanto-1e.ch\/wp-content\/uploads\/2023\/01\/Wer-wir-sind-1e_klein-2.jpg 1280w, https:\/\/www.swisscanto-1e.ch\/wp-content\/uploads\/2023\/01\/Wer-wir-sind-1e_klein-2-300x200.jpg 300w, https:\/\/www.swisscanto-1e.ch\/wp-content\/uploads\/2023\/01\/Wer-wir-sind-1e_klein-2-768x512.jpg 768w, https:\/\/www.swisscanto-1e.ch\/wp-content\/uploads\/2023\/01\/Wer-wir-sind-1e_klein-2-750x500.jpg 750w, https:\/\/www.swisscanto-1e.ch\/wp-content\/uploads\/2023\/01\/Wer-wir-sind-1e_klein-2-456x304.jpg 456w\" sizes=\"(max-width: 800px) 100vw, 800px\" \/>\t\t\t\t\t\t\t\t\t\t\t\t\t\t\t<\/div>\n\t\t\t\t<\/div>\n\t\t\t\t\t<\/div>\n\t\t<\/div>\n\t\t\t\t<div class=\"elementor-column elementor-col-50 elementor-top-column elementor-element elementor-element-07c9853\" data-id=\"07c9853\" data-element_type=\"column\">\n\t\t\t<div class=\"elementor-widget-wrap elementor-element-populated\">\n\t\t\t\t\t\t<div class=\"elementor-element elementor-element-ed63918 elementor-widget elementor-widget-heading\" data-id=\"ed63918\" data-element_type=\"widget\" data-widget_type=\"heading.default\">\n\t\t\t\t<div class=\"elementor-widget-container\">\n\t\t\t\t\t<h3 class=\"elementor-heading-title elementor-size-default\">Qui nous sommes<\/h3>\t\t\t\t<\/div>\n\t\t\t\t<\/div>\n\t\t\t\t<div class=\"elementor-element elementor-element-d023de7 elementor-widget elementor-widget-text-editor\" data-id=\"d023de7\" data-element_type=\"widget\" data-widget_type=\"text-editor.default\">\n\t\t\t\t<div class=\"elementor-widget-container\">\n\t\t\t\t\t\t\t\t\t<p>La Swisscanto 1e Fondation Collective est la pr\u00e9voyance professionnelle avec produits de placement du groupe Z\u00fcrcher Kantonalbank.<\/p>\n\t\t\t\t\t\t\t\t<\/div>\n\t\t\t\t<\/div>\n\t\t\t\t<div class=\"elementor-element elementor-element-d90337c elementor-widget elementor-widget-button\" data-id=\"d90337c\" data-element_type=\"widget\" data-widget_type=\"button.default\">\n\t\t\t\t<div class=\"elementor-widget-container\">\n\t\t\t\t\t\t\t\t\t<div class=\"elementor-button-wrapper\">\n\t\t\t\t\t<a class=\"elementor-button elementor-button-link elementor-size-sm\" href=\"https:\/\/www.swisscanto-1e.ch\/fr\/portrait\/organisation\/qui-nous-sommes\/\">\n\t\t\t\t\t\t<span class=\"elementor-button-content-wrapper\">\n\t\t\t\t\t\t<span class=\"elementor-button-icon\">\n\t\t\t\t<i aria-hidden=\"true\" class=\"icon icon-sc-arrow3-right\"><\/i>\t\t\t<\/span>\n\t\t\t\t\t\t\t\t\t<span class=\"elementor-button-text\">Apprendre encore plus<\/span>\n\t\t\t\t\t<\/span>\n\t\t\t\t\t<\/a>\n\t\t\t\t<\/div>\n\t\t\t\t\t\t\t\t<\/div>\n\t\t\t\t<\/div>\n\t\t\t\t\t<\/div>\n\t\t<\/div>\n\t\t\t\t\t<\/div>\n\t\t<\/section>\n\t\t\t\t<section class=\"elementor-section elementor-top-section elementor-element elementor-element-8672e7c elementor-reverse-mobile elementor-section-boxed elementor-section-height-default elementor-section-height-default\" data-id=\"8672e7c\" data-element_type=\"section\" data-settings=\"{&quot;_ha_eqh_enable&quot;:false}\">\n\t\t\t\t\t\t<div class=\"elementor-container elementor-column-gap-default\">\n\t\t\t\t\t<div class=\"elementor-column elementor-col-50 elementor-top-column elementor-element elementor-element-b752c9d\" data-id=\"b752c9d\" data-element_type=\"column\">\n\t\t\t<div class=\"elementor-widget-wrap elementor-element-populated\">\n\t\t\t\t\t\t<div class=\"elementor-element elementor-element-6655d70 elementor-widget elementor-widget-heading\" data-id=\"6655d70\" data-element_type=\"widget\" data-widget_type=\"heading.default\">\n\t\t\t\t<div class=\"elementor-widget-container\">\n\t\t\t\t\t<h3 class=\"elementor-heading-title elementor-size-default\">Organisation<\/h3>\t\t\t\t<\/div>\n\t\t\t\t<\/div>\n\t\t\t\t<div class=\"elementor-element elementor-element-7e045b5 elementor-widget elementor-widget-text-editor\" data-id=\"7e045b5\" data-element_type=\"widget\" data-widget_type=\"text-editor.default\">\n\t\t\t\t<div class=\"elementor-widget-container\">\n\t\t\t\t\t\t\t\t\t<div class=\"comment-li-wrapper _35x2ayZAjh7TZ365Wfcs88 highlight hovered-pin\" data-testid=\"comment-li-wrapper\">\n<div id=\"\/assets\/urn:aaid:sc:US:8f14bc93-bd5c-4aa0-882a-8b901e885d5f\/annots\/8bdd0ac5-71ee-4577-9eb6-ef80a244e5e3\" class=\"comment-wrapper\" role=\"comment\">\n<div class=\"comment-content-wrapper\">\n<div class=\"row\">\n<div class=\"comment-text-controls-container\">\n<div class=\"comment-text\">La Swisscanto 1e Fondation Collective est synonyme d\u2019une gamme de produits innovante, flexible et attrayante dans le domaine de la pr\u00e9voyance professionnelle.<\/div>\n<\/div>\n<\/div>\n<\/div>\n<\/div>\n<\/div>\n\t\t\t\t\t\t\t\t<\/div>\n\t\t\t\t<\/div>\n\t\t\t\t<div class=\"elementor-element elementor-element-0a62e22 elementor-widget elementor-widget-button\" data-id=\"0a62e22\" data-element_type=\"widget\" data-widget_type=\"button.default\">\n\t\t\t\t<div class=\"elementor-widget-container\">\n\t\t\t\t\t\t\t\t\t<div class=\"elementor-button-wrapper\">\n\t\t\t\t\t<a class=\"elementor-button elementor-button-link elementor-size-sm\" href=\"https:\/\/www.swisscanto-1e.ch\/fr\/portrait\/organisation\/#geschaeftsberichte\" target=\"_blank\">\n\t\t\t\t\t\t<span class=\"elementor-button-content-wrapper\">\n\t\t\t\t\t\t<span class=\"elementor-button-icon\">\n\t\t\t\t<i aria-hidden=\"true\" class=\"icon icon-sc-arrow3-right\"><\/i>\t\t\t<\/span>\n\t\t\t\t\t\t\t\t\t<span class=\"elementor-button-text\">Informez maintenant<\/span>\n\t\t\t\t\t<\/span>\n\t\t\t\t\t<\/a>\n\t\t\t\t<\/div>\n\t\t\t\t\t\t\t\t<\/div>\n\t\t\t\t<\/div>\n\t\t\t\t\t<\/div>\n\t\t<\/div>\n\t\t\t\t<div class=\"elementor-column elementor-col-50 elementor-top-column elementor-element elementor-element-0d61cec\" data-id=\"0d61cec\" data-element_type=\"column\">\n\t\t\t<div class=\"elementor-widget-wrap elementor-element-populated\">\n\t\t\t\t\t\t<div class=\"elementor-element elementor-element-51dab3b elementor-widget elementor-widget-image\" data-id=\"51dab3b\" data-element_type=\"widget\" data-widget_type=\"image.default\">\n\t\t\t\t<div class=\"elementor-widget-container\">\n\t\t\t\t\t\t\t\t\t\t\t\t\t\t\t<img decoding=\"async\" width=\"800\" height=\"533\" src=\"https:\/\/www.swisscanto-1e.ch\/wp-content\/uploads\/2023\/01\/Organisation-1e_klein.jpg\" class=\"attachment-large size-large wp-image-10325\" alt=\"\" srcset=\"https:\/\/www.swisscanto-1e.ch\/wp-content\/uploads\/2023\/01\/Organisation-1e_klein.jpg 1280w, https:\/\/www.swisscanto-1e.ch\/wp-content\/uploads\/2023\/01\/Organisation-1e_klein-300x200.jpg 300w, https:\/\/www.swisscanto-1e.ch\/wp-content\/uploads\/2023\/01\/Organisation-1e_klein-768x512.jpg 768w, https:\/\/www.swisscanto-1e.ch\/wp-content\/uploads\/2023\/01\/Organisation-1e_klein-750x500.jpg 750w, https:\/\/www.swisscanto-1e.ch\/wp-content\/uploads\/2023\/01\/Organisation-1e_klein-456x304.jpg 456w\" sizes=\"(max-width: 800px) 100vw, 800px\" \/>\t\t\t\t\t\t\t\t\t\t\t\t\t\t\t<\/div>\n\t\t\t\t<\/div>\n\t\t\t\t\t<\/div>\n\t\t<\/div>\n\t\t\t\t\t<\/div>\n\t\t<\/section>\n\t\t\t\t<section class=\"elementor-section elementor-top-section elementor-element elementor-element-a9db977 elementor-section-boxed elementor-section-height-default elementor-section-height-default\" data-id=\"a9db977\" data-element_type=\"section\" data-settings=\"{&quot;_ha_eqh_enable&quot;:false}\">\n\t\t\t\t\t\t<div class=\"elementor-container elementor-column-gap-no\">\n\t\t\t\t\t<div class=\"elementor-column elementor-col-100 elementor-top-column elementor-element elementor-element-76e5e7c\" data-id=\"76e5e7c\" data-element_type=\"column\">\n\t\t\t<div class=\"elementor-widget-wrap elementor-element-populated\">\n\t\t\t\t\t\t<div class=\"elementor-element elementor-element-cde2484 elementor-widget elementor-widget-template\" data-id=\"cde2484\" data-element_type=\"widget\" data-widget_type=\"template.default\">\n\t\t\t\t<div class=\"elementor-widget-container\">\n\t\t\t\t\t\t\t<div class=\"elementor-template\">\n\t\t\t\t\t<div data-elementor-type=\"section\" data-elementor-id=\"12993\" class=\"elementor elementor-12993 elementor-12988\" data-elementor-settings=\"{&quot;ha_cmc_init_switcher&quot;:&quot;no&quot;}\" data-elementor-post-type=\"elementor_library\">\n\t\t\t\t\t<section class=\"elementor-section elementor-top-section elementor-element elementor-element-5047151d red-teaser elementor-section-boxed elementor-section-height-default elementor-section-height-default\" data-id=\"5047151d\" data-element_type=\"section\" data-settings=\"{&quot;_ha_eqh_enable&quot;:false}\">\n\t\t\t\t\t\t<div class=\"elementor-container elementor-column-gap-no\">\n\t\t\t\t\t<div class=\"elementor-column elementor-col-100 elementor-top-column elementor-element elementor-element-2f55f031\" data-id=\"2f55f031\" data-element_type=\"column\">\n\t\t\t<div class=\"elementor-widget-wrap elementor-element-populated\">\n\t\t\t\t\t\t<div class=\"elementor-element elementor-element-63b5dd50 elementor-widget elementor-widget-ucaddon_contact_box\" data-id=\"63b5dd50\" data-element_type=\"widget\" data-widget_type=\"ucaddon_contact_box.default\">\n\t\t\t\t<div class=\"elementor-widget-container\">\n\t\t\t\t\t\n<!-- start Contact Box -->\n<style>\/* widget: Contact Box *\/\n\n.sc-contact-box {\n  background-color: #080F5E;\n  color: white;\n  padding: 78px;\n  position: relative;\n}\n.sc-contact-box .sc-headline h2 {\n  color: white;\n  font-weight: bold;\n}\n.sc-contact-box:hover .sc-headline h2 {\n  color: var(--e-global-color-text);\n}\n.sc-contact-box .sc-text {\n  margin-bottom: 60px;\n}\n.sc-contact-box .sc-contact-box-wrapper-link {\n  position: absolute;\n  top: 0;\n  left: 0;\n  right: 0;\n  bottom: 0;\n}\n.sc-contact-box .elementor-button-wrapper {\n  position: relative;\n}\n.sc-contact-box .elementor-button-wrapper .elementor-button {\n  color: white;\n  border-color: white;\n  text-decoration: none;\n}\n.sc-contact-box .elementor-button-wrapper .elementor-button:hover {\n  color: #BFE8FC;\n  border-color: #BFE8FC;\n}\n\n<\/style>\n\n<div id=\"uc_contact_box_elementor_63b5dd50\" class=\"sc-contact-box\">\n  <div class=\"sc-headline\">\n    <h2>Contactez-nous<\/h2>\n  <\/div>\n  <div class=\"sc-text\">\n    <p>Vous avez des questions sur notre organisation ? Nous sommes heureux d\u2019y r\u00e9pondre<\/p>\n\n  <\/div>\n  <a href=\"https:\/\/www.swisscanto-1e.ch\/fr\/contact\/\" class=\"sc-contact-box-wrapper-link\">&nbsp;<\/a>\n  <div class=\"elementor-button-wrapper\">\n    <a class=\"elementor-button elementor-button-link elementor-size-sm\" href=\"https:\/\/www.swisscanto-1e.ch\/fr\/contact\/\">\n      <span class=\"elementor-button-content-wrapper\">\n        <span class=\"elementor-button-text\">Contact<\/span>\n      <\/span>\n    <\/a>\n  <\/div>\n<\/div>\n<!-- end Contact Box -->\t\t\t\t<\/div>\n\t\t\t\t<\/div>\n\t\t\t\t\t<\/div>\n\t\t<\/div>\n\t\t\t\t\t<\/div>\n\t\t<\/section>\n\t\t\t\t<\/div>\n\t\t\t\t<\/div>\n\t\t\t\t\t\t<\/div>\n\t\t\t\t<\/div>\n\t\t\t\t\t<\/div>\n\t\t<\/div>\n\t\t\t\t\t<\/div>\n\t\t<\/section>\n\t\t\t\t<\/div>\n\t\t","protected":false},"excerpt":{"rendered":"<p>Histoire La Swisscanto 1e Fondation Collective a \u00e9t\u00e9 fond\u00e9e en 2017. Avec la suppression des garanties minimales de l&rsquo;article 15 FZG et de l&rsquo;article 17 FZG, le cadre juridique a \u00e9t\u00e9 cr\u00e9\u00e9 afin de pouvoir offrir une certaine marge de man\u0153uvre dans l&rsquo;individualisation des investissements dans la partie surobligatoire de la pr\u00e9voyance professionnelle. Qui nous [&hellip;]<\/p>\n","protected":false},"author":2,"featured_media":0,"parent":10573,"menu_order":20,"comment_status":"closed","ping_status":"closed","template":"","meta":{"_acf_changed":false,"footnotes":""},"class_list":["post-10838","page","type-page","status-publish","hentry"],"acf":[],"yoast_head":"<!-- This site is optimized with the Yoast SEO plugin v26.1.1 - https:\/\/yoast.com\/wordpress\/plugins\/seo\/ -->\n<title>Depuis 2018 dans la pr\u00e9voyance surobligatoire - Swisscanto 1e<\/title>\n<meta name=\"description\" content=\"Il s&#039;est pass\u00e9 beaucoup de choses : renseignez-vous sur les options pour la partie surobligatoire de la pr\u00e9voyance professionnelle.\" \/>\n<meta name=\"robots\" content=\"index, follow, max-snippet:-1, max-image-preview:large, max-video-preview:-1\" \/>\n<link rel=\"canonical\" href=\"https:\/\/www.swisscanto-1e.ch\/fr\/portrait\/histoire\/\" \/>\n<meta property=\"og:locale\" content=\"fr_FR\" \/>\n<meta property=\"og:type\" content=\"article\" \/>\n<meta property=\"og:title\" content=\"Depuis 2018 dans la pr\u00e9voyance surobligatoire - Swisscanto 1e\" \/>\n<meta property=\"og:description\" content=\"Il s&#039;est pass\u00e9 beaucoup de choses : renseignez-vous sur les options pour la partie surobligatoire de la pr\u00e9voyance professionnelle.\" \/>\n<meta property=\"og:url\" content=\"https:\/\/www.swisscanto-1e.ch\/fr\/portrait\/histoire\/\" \/>\n<meta property=\"og:site_name\" content=\"Swisscanto 1e\" \/>\n<meta property=\"article:modified_time\" content=\"2023-08-08T12:57:20+00:00\" \/>\n<meta property=\"og:image\" content=\"https:\/\/www.swisscanto-1e.ch\/wp-content\/uploads\/2023\/01\/Geschichte-1e_Header-1.jpg\" \/>\n<meta name=\"twitter:card\" content=\"summary_large_image\" \/>\n<meta name=\"twitter:label1\" content=\"Dur\u00e9e de lecture estim\u00e9e\" \/>\n\t<meta name=\"twitter:data1\" content=\"1 minute\" \/>\n<script type=\"application\/ld+json\" class=\"yoast-schema-graph\">{\"@context\":\"https:\/\/schema.org\",\"@graph\":[{\"@type\":\"WebPage\",\"@id\":\"https:\/\/www.swisscanto-1e.ch\/fr\/portrait\/histoire\/\",\"url\":\"https:\/\/www.swisscanto-1e.ch\/fr\/portrait\/histoire\/\",\"name\":\"Depuis 2018 dans la pr\u00e9voyance surobligatoire - Swisscanto 1e\",\"isPartOf\":{\"@id\":\"https:\/\/www.swisscanto-1e.ch\/fr\/#website\"},\"primaryImageOfPage\":{\"@id\":\"https:\/\/www.swisscanto-1e.ch\/fr\/portrait\/histoire\/#primaryimage\"},\"image\":{\"@id\":\"https:\/\/www.swisscanto-1e.ch\/fr\/portrait\/histoire\/#primaryimage\"},\"thumbnailUrl\":\"https:\/\/www.swisscanto-1e.ch\/wp-content\/uploads\/2023\/01\/Geschichte-1e_Header-1.jpg\",\"datePublished\":\"2022-12-19T09:06:45+00:00\",\"dateModified\":\"2023-08-08T12:57:20+00:00\",\"description\":\"Il s'est pass\u00e9 beaucoup de choses : renseignez-vous sur les options pour la partie surobligatoire de la pr\u00e9voyance professionnelle.\",\"breadcrumb\":{\"@id\":\"https:\/\/www.swisscanto-1e.ch\/fr\/portrait\/histoire\/#breadcrumb\"},\"inLanguage\":\"fr-FR\",\"potentialAction\":[{\"@type\":\"ReadAction\",\"target\":[\"https:\/\/www.swisscanto-1e.ch\/fr\/portrait\/histoire\/\"]}]},{\"@type\":\"ImageObject\",\"inLanguage\":\"fr-FR\",\"@id\":\"https:\/\/www.swisscanto-1e.ch\/fr\/portrait\/histoire\/#primaryimage\",\"url\":\"https:\/\/www.swisscanto-1e.ch\/wp-content\/uploads\/2023\/01\/Geschichte-1e_Header-1.jpg\",\"contentUrl\":\"https:\/\/www.swisscanto-1e.ch\/wp-content\/uploads\/2023\/01\/Geschichte-1e_Header-1.jpg\"},{\"@type\":\"BreadcrumbList\",\"@id\":\"https:\/\/www.swisscanto-1e.ch\/fr\/portrait\/histoire\/#breadcrumb\",\"itemListElement\":[{\"@type\":\"ListItem\",\"position\":1,\"name\":\"Home\",\"item\":\"https:\/\/www.swisscanto-1e.ch\/fr\/\"},{\"@type\":\"ListItem\",\"position\":2,\"name\":\"\u00c0 propos de nous\",\"item\":\"https:\/\/www.swisscanto-1e.ch\/fr\/portrait\/\"},{\"@type\":\"ListItem\",\"position\":3,\"name\":\"Histoire\"}]},{\"@type\":\"WebSite\",\"@id\":\"https:\/\/www.swisscanto-1e.ch\/fr\/#website\",\"url\":\"https:\/\/www.swisscanto-1e.ch\/fr\/\",\"name\":\"Swisscanto 1e\",\"description\":\"\",\"publisher\":{\"@id\":\"https:\/\/www.swisscanto-1e.ch\/fr\/#organization\"},\"potentialAction\":[{\"@type\":\"SearchAction\",\"target\":{\"@type\":\"EntryPoint\",\"urlTemplate\":\"https:\/\/www.swisscanto-1e.ch\/fr\/?s={search_term_string}\"},\"query-input\":{\"@type\":\"PropertyValueSpecification\",\"valueRequired\":true,\"valueName\":\"search_term_string\"}}],\"inLanguage\":\"fr-FR\"},{\"@type\":\"Organization\",\"@id\":\"https:\/\/www.swisscanto-1e.ch\/fr\/#organization\",\"name\":\"Swisscanto 1e\",\"url\":\"https:\/\/www.swisscanto-1e.ch\/fr\/\",\"logo\":{\"@type\":\"ImageObject\",\"inLanguage\":\"fr-FR\",\"@id\":\"https:\/\/www.swisscanto-1e.ch\/fr\/#\/schema\/logo\/image\/\",\"url\":\"https:\/\/www.swisscanto-1e.ch\/wp-content\/uploads\/2025\/08\/SWCstift_1e_DE_hor_pos_sRGB.png\",\"contentUrl\":\"https:\/\/www.swisscanto-1e.ch\/wp-content\/uploads\/2025\/08\/SWCstift_1e_DE_hor_pos_sRGB.png\",\"width\":1218,\"height\":110,\"caption\":\"Swisscanto 1e\"},\"image\":{\"@id\":\"https:\/\/www.swisscanto-1e.ch\/fr\/#\/schema\/logo\/image\/\"}}]}<\/script>\n<!-- \/ Yoast SEO plugin. -->","yoast_head_json":{"title":"Depuis 2018 dans la pr\u00e9voyance surobligatoire - Swisscanto 1e","description":"Il s'est pass\u00e9 beaucoup de choses : renseignez-vous sur les options pour la partie surobligatoire de la pr\u00e9voyance professionnelle.","robots":{"index":"index","follow":"follow","max-snippet":"max-snippet:-1","max-image-preview":"max-image-preview:large","max-video-preview":"max-video-preview:-1"},"canonical":"https:\/\/www.swisscanto-1e.ch\/fr\/portrait\/histoire\/","og_locale":"fr_FR","og_type":"article","og_title":"Depuis 2018 dans la pr\u00e9voyance surobligatoire - Swisscanto 1e","og_description":"Il s'est pass\u00e9 beaucoup de choses : renseignez-vous sur les options pour la partie surobligatoire de la pr\u00e9voyance professionnelle.","og_url":"https:\/\/www.swisscanto-1e.ch\/fr\/portrait\/histoire\/","og_site_name":"Swisscanto 1e","article_modified_time":"2023-08-08T12:57:20+00:00","og_image":[{"url":"https:\/\/www.swisscanto-1e.ch\/wp-content\/uploads\/2023\/01\/Geschichte-1e_Header-1.jpg","type":"","width":"","height":""}],"twitter_card":"summary_large_image","twitter_misc":{"Dur\u00e9e de lecture estim\u00e9e":"1 minute"},"schema":{"@context":"https:\/\/schema.org","@graph":[{"@type":"WebPage","@id":"https:\/\/www.swisscanto-1e.ch\/fr\/portrait\/histoire\/","url":"https:\/\/www.swisscanto-1e.ch\/fr\/portrait\/histoire\/","name":"Depuis 2018 dans la pr\u00e9voyance surobligatoire - Swisscanto 1e","isPartOf":{"@id":"https:\/\/www.swisscanto-1e.ch\/fr\/#website"},"primaryImageOfPage":{"@id":"https:\/\/www.swisscanto-1e.ch\/fr\/portrait\/histoire\/#primaryimage"},"image":{"@id":"https:\/\/www.swisscanto-1e.ch\/fr\/portrait\/histoire\/#primaryimage"},"thumbnailUrl":"https:\/\/www.swisscanto-1e.ch\/wp-content\/uploads\/2023\/01\/Geschichte-1e_Header-1.jpg","datePublished":"2022-12-19T09:06:45+00:00","dateModified":"2023-08-08T12:57:20+00:00","description":"Il s'est pass\u00e9 beaucoup de choses : renseignez-vous sur les options pour la partie surobligatoire de la pr\u00e9voyance professionnelle.","breadcrumb":{"@id":"https:\/\/www.swisscanto-1e.ch\/fr\/portrait\/histoire\/#breadcrumb"},"inLanguage":"fr-FR","potentialAction":[{"@type":"ReadAction","target":["https:\/\/www.swisscanto-1e.ch\/fr\/portrait\/histoire\/"]}]},{"@type":"ImageObject","inLanguage":"fr-FR","@id":"https:\/\/www.swisscanto-1e.ch\/fr\/portrait\/histoire\/#primaryimage","url":"https:\/\/www.swisscanto-1e.ch\/wp-content\/uploads\/2023\/01\/Geschichte-1e_Header-1.jpg","contentUrl":"https:\/\/www.swisscanto-1e.ch\/wp-content\/uploads\/2023\/01\/Geschichte-1e_Header-1.jpg"},{"@type":"BreadcrumbList","@id":"https:\/\/www.swisscanto-1e.ch\/fr\/portrait\/histoire\/#breadcrumb","itemListElement":[{"@type":"ListItem","position":1,"name":"Home","item":"https:\/\/www.swisscanto-1e.ch\/fr\/"},{"@type":"ListItem","position":2,"name":"\u00c0 propos de nous","item":"https:\/\/www.swisscanto-1e.ch\/fr\/portrait\/"},{"@type":"ListItem","position":3,"name":"Histoire"}]},{"@type":"WebSite","@id":"https:\/\/www.swisscanto-1e.ch\/fr\/#website","url":"https:\/\/www.swisscanto-1e.ch\/fr\/","name":"Swisscanto 1e","description":"","publisher":{"@id":"https:\/\/www.swisscanto-1e.ch\/fr\/#organization"},"potentialAction":[{"@type":"SearchAction","target":{"@type":"EntryPoint","urlTemplate":"https:\/\/www.swisscanto-1e.ch\/fr\/?s={search_term_string}"},"query-input":{"@type":"PropertyValueSpecification","valueRequired":true,"valueName":"search_term_string"}}],"inLanguage":"fr-FR"},{"@type":"Organization","@id":"https:\/\/www.swisscanto-1e.ch\/fr\/#organization","name":"Swisscanto 1e","url":"https:\/\/www.swisscanto-1e.ch\/fr\/","logo":{"@type":"ImageObject","inLanguage":"fr-FR","@id":"https:\/\/www.swisscanto-1e.ch\/fr\/#\/schema\/logo\/image\/","url":"https:\/\/www.swisscanto-1e.ch\/wp-content\/uploads\/2025\/08\/SWCstift_1e_DE_hor_pos_sRGB.png","contentUrl":"https:\/\/www.swisscanto-1e.ch\/wp-content\/uploads\/2025\/08\/SWCstift_1e_DE_hor_pos_sRGB.png","width":1218,"height":110,"caption":"Swisscanto 1e"},"image":{"@id":"https:\/\/www.swisscanto-1e.ch\/fr\/#\/schema\/logo\/image\/"}}]}},"_links":{"self":[{"href":"https:\/\/www.swisscanto-1e.ch\/fr\/wp-json\/wp\/v2\/pages\/10838","targetHints":{"allow":["GET"]}}],"collection":[{"href":"https:\/\/www.swisscanto-1e.ch\/fr\/wp-json\/wp\/v2\/pages"}],"about":[{"href":"https:\/\/www.swisscanto-1e.ch\/fr\/wp-json\/wp\/v2\/types\/page"}],"author":[{"embeddable":true,"href":"https:\/\/www.swisscanto-1e.ch\/fr\/wp-json\/wp\/v2\/users\/2"}],"replies":[{"embeddable":true,"href":"https:\/\/www.swisscanto-1e.ch\/fr\/wp-json\/wp\/v2\/comments?post=10838"}],"version-history":[{"count":8,"href":"https:\/\/www.swisscanto-1e.ch\/fr\/wp-json\/wp\/v2\/pages\/10838\/revisions"}],"predecessor-version":[{"id":12999,"href":"https:\/\/www.swisscanto-1e.ch\/fr\/wp-json\/wp\/v2\/pages\/10838\/revisions\/12999"}],"up":[{"embeddable":true,"href":"https:\/\/www.swisscanto-1e.ch\/fr\/wp-json\/wp\/v2\/pages\/10573"}],"wp:attachment":[{"href":"https:\/\/www.swisscanto-1e.ch\/fr\/wp-json\/wp\/v2\/media?parent=10838"}],"curies":[{"name":"wp","href":"https:\/\/api.w.org\/{rel}","templated":true}]}}