{"id":10584,"date":"2022-12-19T10:05:09","date_gmt":"2022-12-19T09:05:09","guid":{"rendered":"https:\/\/www.swisscanto-1e.ch\/contact\/"},"modified":"2025-07-21T16:55:39","modified_gmt":"2025-07-21T14:55:39","slug":"contact","status":"publish","type":"page","link":"https:\/\/www.swisscanto-1e.ch\/fr\/contact\/","title":{"rendered":"Contact"},"content":{"rendered":"\t\t<div data-elementor-type=\"wp-page\" data-elementor-id=\"10584\" class=\"elementor elementor-10584 elementor-7726\" data-elementor-settings=\"{&quot;ha_cmc_init_switcher&quot;:&quot;no&quot;}\" data-elementor-post-type=\"page\">\n\t\t\t\t\t\t<section class=\"elementor-section elementor-top-section elementor-element elementor-element-ec66978 elementor-section-boxed elementor-section-height-default elementor-section-height-default\" data-id=\"ec66978\" data-element_type=\"section\" data-settings=\"{&quot;_ha_eqh_enable&quot;:false}\">\n\t\t\t\t\t\t<div class=\"elementor-container elementor-column-gap-default\">\n\t\t\t\t\t<div class=\"elementor-column elementor-col-100 elementor-top-column elementor-element elementor-element-2d18926\" data-id=\"2d18926\" data-element_type=\"column\">\n\t\t\t<div class=\"elementor-widget-wrap elementor-element-populated\">\n\t\t\t\t\t\t<div class=\"elementor-element elementor-element-5212c12 elementor-widget elementor-widget-heading\" data-id=\"5212c12\" data-element_type=\"widget\" data-widget_type=\"heading.default\">\n\t\t\t\t<div class=\"elementor-widget-container\">\n\t\t\t\t\t<h1 class=\"elementor-heading-title elementor-size-default\">Contact<\/h1>\t\t\t\t<\/div>\n\t\t\t\t<\/div>\n\t\t\t\t<div class=\"elementor-element elementor-element-df534f4 elementor-widget elementor-widget-text-editor\" data-id=\"df534f4\" data-element_type=\"widget\" data-widget_type=\"text-editor.default\">\n\t\t\t\t<div class=\"elementor-widget-container\">\n\t\t\t\t\t\t\t\t\t<p>Il est important pour nous de prendre soin de vous de mani\u00e8re globale dans le cadre d&rsquo;un partenariat personnel, comp\u00e9tent et de confiance. Contactez-nous pour une consultation.<\/p>\n\t\t\t\t\t\t\t\t<\/div>\n\t\t\t\t<\/div>\n\t\t\t\t\t<\/div>\n\t\t<\/div>\n\t\t\t\t\t<\/div>\n\t\t<\/section>\n\t\t\t\t<section class=\"elementor-section elementor-top-section elementor-element elementor-element-6602cac elementor-section-boxed elementor-section-height-default elementor-section-height-default\" data-id=\"6602cac\" data-element_type=\"section\" data-settings=\"{&quot;_ha_eqh_enable&quot;:false}\">\n\t\t\t\t\t\t<div class=\"elementor-container elementor-column-gap-default\">\n\t\t\t\t\t<div class=\"elementor-column elementor-col-50 elementor-top-column elementor-element elementor-element-74cfdf9\" data-id=\"74cfdf9\" data-element_type=\"column\">\n\t\t\t<div class=\"elementor-widget-wrap elementor-element-populated\">\n\t\t\t\t\t\t<div class=\"elementor-element elementor-element-46a0a0a elementor-widget elementor-widget-text-editor\" data-id=\"46a0a0a\" data-element_type=\"widget\" data-widget_type=\"text-editor.default\">\n\t\t\t\t<div class=\"elementor-widget-container\">\n\t\t\t\t\t\t\t\t\t<p><strong>Adresse<\/strong><\/p>\n\t\t\t\t\t\t\t\t<\/div>\n\t\t\t\t<\/div>\n\t\t\t\t\t<\/div>\n\t\t<\/div>\n\t\t\t\t<div class=\"elementor-column elementor-col-50 elementor-top-column elementor-element elementor-element-56b29f8\" data-id=\"56b29f8\" data-element_type=\"column\">\n\t\t\t<div class=\"elementor-widget-wrap elementor-element-populated\">\n\t\t\t\t\t\t<div class=\"elementor-element elementor-element-3c9fcfc elementor-widget elementor-widget-text-editor\" data-id=\"3c9fcfc\" data-element_type=\"widget\" data-widget_type=\"text-editor.default\">\n\t\t\t\t<div class=\"elementor-widget-container\">\n\t\t\t\t\t\t\t\t\t<p>Swisscanto 1e Fondation Collective<br \/>S\u00e4gereistrasse 29<br \/>8152 Glattbrugg<\/p>\t\t\t\t\t\t\t\t<\/div>\n\t\t\t\t<\/div>\n\t\t\t\t\t<\/div>\n\t\t<\/div>\n\t\t\t\t\t<\/div>\n\t\t<\/section>\n\t\t\t\t<section class=\"elementor-section elementor-top-section elementor-element elementor-element-5e97293 elementor-section-boxed elementor-section-height-default elementor-section-height-default\" data-id=\"5e97293\" data-element_type=\"section\" data-settings=\"{&quot;_ha_eqh_enable&quot;:false}\">\n\t\t\t\t\t\t<div class=\"elementor-container elementor-column-gap-default\">\n\t\t\t\t\t<div class=\"elementor-column elementor-col-50 elementor-top-column elementor-element elementor-element-d64db8e\" data-id=\"d64db8e\" data-element_type=\"column\">\n\t\t\t<div class=\"elementor-widget-wrap elementor-element-populated\">\n\t\t\t\t\t\t<div class=\"elementor-element elementor-element-6a6b47c elementor-widget elementor-widget-text-editor\" data-id=\"6a6b47c\" data-element_type=\"widget\" data-widget_type=\"text-editor.default\">\n\t\t\t\t<div class=\"elementor-widget-container\">\n\t\t\t\t\t\t\t\t\t<p><strong>T\u00e9l\u00e9phone<\/strong><\/p>\n\t\t\t\t\t\t\t\t<\/div>\n\t\t\t\t<\/div>\n\t\t\t\t\t<\/div>\n\t\t<\/div>\n\t\t\t\t<div class=\"elementor-column elementor-col-50 elementor-top-column elementor-element elementor-element-078e537\" data-id=\"078e537\" data-element_type=\"column\">\n\t\t\t<div class=\"elementor-widget-wrap elementor-element-populated\">\n\t\t\t\t\t\t<div class=\"elementor-element elementor-element-5ba5186 elementor-widget elementor-widget-text-editor\" data-id=\"5ba5186\" data-element_type=\"widget\" data-widget_type=\"text-editor.default\">\n\t\t\t\t<div class=\"elementor-widget-container\">\n\t\t\t\t\t\t\t\t\t<p>+41 43 210 19 01<\/p>\n\t\t\t\t\t\t\t\t<\/div>\n\t\t\t\t<\/div>\n\t\t\t\t\t<\/div>\n\t\t<\/div>\n\t\t\t\t\t<\/div>\n\t\t<\/section>\n\t\t\t\t<section class=\"elementor-section elementor-top-section elementor-element elementor-element-785f8f8 elementor-section-boxed elementor-section-height-default elementor-section-height-default\" data-id=\"785f8f8\" data-element_type=\"section\" data-settings=\"{&quot;_ha_eqh_enable&quot;:false}\">\n\t\t\t\t\t\t<div class=\"elementor-container elementor-column-gap-default\">\n\t\t\t\t\t<div class=\"elementor-column elementor-col-50 elementor-top-column elementor-element elementor-element-f537b6d\" data-id=\"f537b6d\" data-element_type=\"column\">\n\t\t\t<div class=\"elementor-widget-wrap elementor-element-populated\">\n\t\t\t\t\t\t<div class=\"elementor-element elementor-element-7c4fd7e elementor-widget elementor-widget-text-editor\" data-id=\"7c4fd7e\" data-element_type=\"widget\" data-widget_type=\"text-editor.default\">\n\t\t\t\t<div class=\"elementor-widget-container\">\n\t\t\t\t\t\t\t\t\t<p><strong>E-Mail<\/strong><\/p>\n\t\t\t\t\t\t\t\t<\/div>\n\t\t\t\t<\/div>\n\t\t\t\t\t<\/div>\n\t\t<\/div>\n\t\t\t\t<div class=\"elementor-column elementor-col-50 elementor-top-column elementor-element elementor-element-2700275\" data-id=\"2700275\" data-element_type=\"column\">\n\t\t\t<div class=\"elementor-widget-wrap elementor-element-populated\">\n\t\t\t\t\t\t<div class=\"elementor-element elementor-element-5ca191e elementor-widget elementor-widget-button\" data-id=\"5ca191e\" data-element_type=\"widget\" data-widget_type=\"button.default\">\n\t\t\t\t<div class=\"elementor-widget-container\">\n\t\t\t\t\t\t\t\t\t<div class=\"elementor-button-wrapper\">\n\t\t\t\t\t<a class=\"elementor-button elementor-button-link elementor-size-sm\" href=\"&#109;&#x61;i&#x6c;&#x74;&#111;&#x3a;1&#101;&#x40;&#112;&#x66;s&#46;&#x63;h\">\n\t\t\t\t\t\t<span class=\"elementor-button-content-wrapper\">\n\t\t\t\t\t\t\t\t\t<span class=\"elementor-button-text\">&#x31;e&#x40;&#112;&#x66;&#115;&#46;&#x63;&#104;<\/span>\n\t\t\t\t\t<\/span>\n\t\t\t\t\t<\/a>\n\t\t\t\t<\/div>\n\t\t\t\t\t\t\t\t<\/div>\n\t\t\t\t<\/div>\n\t\t\t\t\t<\/div>\n\t\t<\/div>\n\t\t\t\t\t<\/div>\n\t\t<\/section>\n\t\t\t\t<section class=\"elementor-section elementor-top-section elementor-element elementor-element-a65a209 elementor-section-boxed elementor-section-height-default elementor-section-height-default\" data-id=\"a65a209\" data-element_type=\"section\" data-settings=\"{&quot;_ha_eqh_enable&quot;:false}\">\n\t\t\t\t\t\t<div class=\"elementor-container elementor-column-gap-default\">\n\t\t\t\t\t<div class=\"elementor-column elementor-col-50 elementor-top-column elementor-element elementor-element-9d9ffa3\" data-id=\"9d9ffa3\" data-element_type=\"column\">\n\t\t\t<div class=\"elementor-widget-wrap elementor-element-populated\">\n\t\t\t\t\t\t<div class=\"elementor-element elementor-element-66401cb elementor-widget elementor-widget-image\" data-id=\"66401cb\" data-element_type=\"widget\" data-widget_type=\"image.default\">\n\t\t\t\t<div class=\"elementor-widget-container\">\n\t\t\t\t\t\t\t\t\t\t\t\t\t\t\t<img fetchpriority=\"high\" decoding=\"async\" width=\"800\" height=\"523\" src=\"https:\/\/www.swisscanto-1e.ch\/wp-content\/uploads\/2025\/07\/upscalemedia-transformed-2-2560x1673.png\" class=\"attachment-large size-large wp-image-16085\" alt=\"\" srcset=\"https:\/\/www.swisscanto-1e.ch\/wp-content\/uploads\/2025\/07\/upscalemedia-transformed-2-2560x1673.png 2560w, https:\/\/www.swisscanto-1e.ch\/wp-content\/uploads\/2025\/07\/upscalemedia-transformed-2-300x196.png 300w, https:\/\/www.swisscanto-1e.ch\/wp-content\/uploads\/2025\/07\/upscalemedia-transformed-2-768x502.png 768w, https:\/\/www.swisscanto-1e.ch\/wp-content\/uploads\/2025\/07\/upscalemedia-transformed-2-1536x1004.png 1536w, https:\/\/www.swisscanto-1e.ch\/wp-content\/uploads\/2025\/07\/upscalemedia-transformed-2-2048x1338.png 2048w\" sizes=\"(max-width: 800px) 100vw, 800px\" \/>\t\t\t\t\t\t\t\t\t\t\t\t\t\t\t<\/div>\n\t\t\t\t<\/div>\n\t\t\t\t\t<\/div>\n\t\t<\/div>\n\t\t\t\t<div class=\"elementor-column elementor-col-50 elementor-top-column elementor-element elementor-element-d38afc5\" data-id=\"d38afc5\" data-element_type=\"column\">\n\t\t\t<div class=\"elementor-widget-wrap elementor-element-populated\">\n\t\t\t\t\t\t<div class=\"elementor-element elementor-element-50b9d7c elementor-widget elementor-widget-heading\" data-id=\"50b9d7c\" data-element_type=\"widget\" data-widget_type=\"heading.default\">\n\t\t\t\t<div class=\"elementor-widget-container\">\n\t\t\t\t\t<h3 class=\"elementor-heading-title elementor-size-default\">Nicolas Wild<\/h3>\t\t\t\t<\/div>\n\t\t\t\t<\/div>\n\t\t\t\t<div class=\"elementor-element elementor-element-66515fc elementor-widget elementor-widget-text-editor\" data-id=\"66515fc\" data-element_type=\"widget\" data-widget_type=\"text-editor.default\">\n\t\t\t\t<div class=\"elementor-widget-container\">\n\t\t\t\t\t\t\t\t\t<p>Directeur g\u00e9n\u00e9ral<\/p>\n\t\t\t\t\t\t\t\t<\/div>\n\t\t\t\t<\/div>\n\t\t\t\t<div class=\"elementor-element elementor-element-d7d5eda elementor-widget elementor-widget-button\" data-id=\"d7d5eda\" data-element_type=\"widget\" data-widget_type=\"button.default\">\n\t\t\t\t<div class=\"elementor-widget-container\">\n\t\t\t\t\t\t\t\t\t<div class=\"elementor-button-wrapper\">\n\t\t\t\t\t<a class=\"elementor-button elementor-button-link elementor-size-sm\" href=\"&#109;&#x61;&#x69;l&#116;&#x6f;&#x3a;n&#105;&#x63;o&#108;&#x61;&#x73;&#46;&#119;&#x69;l&#100;&#x40;&#x70;f&#115;&#x2e;&#x63;&#104;\">\n\t\t\t\t\t\t<span class=\"elementor-button-content-wrapper\">\n\t\t\t\t\t\t\t\t\t<span class=\"elementor-button-text\">&#110;&#x69;c&#111;&#x6c;a&#115;&#x2e;w&#105;&#x6c;d&#64;&#x70;f&#115;&#x2e;c&#104;<\/span>\n\t\t\t\t\t<\/span>\n\t\t\t\t\t<\/a>\n\t\t\t\t<\/div>\n\t\t\t\t\t\t\t\t<\/div>\n\t\t\t\t<\/div>\n\t\t\t\t<div class=\"elementor-element elementor-element-e0e4741 elementor-widget elementor-widget-text-editor\" data-id=\"e0e4741\" data-element_type=\"widget\" data-widget_type=\"text-editor.default\">\n\t\t\t\t<div class=\"elementor-widget-container\">\n\t\t\t\t\t\t\t\t\t<p><strong>T\u00e9l\u00e9phone<\/strong> +41 43 210 19 93<\/p>\t\t\t\t\t\t\t\t<\/div>\n\t\t\t\t<\/div>\n\t\t\t\t\t<\/div>\n\t\t<\/div>\n\t\t\t\t\t<\/div>\n\t\t<\/section>\n\t\t\t\t<section class=\"elementor-section elementor-top-section elementor-element elementor-element-3657d72 elementor-section-boxed elementor-section-height-default elementor-section-height-default\" data-id=\"3657d72\" data-element_type=\"section\" data-settings=\"{&quot;_ha_eqh_enable&quot;:false}\">\n\t\t\t\t\t\t<div class=\"elementor-container elementor-column-gap-default\">\n\t\t\t\t\t<div class=\"elementor-column elementor-col-50 elementor-top-column elementor-element elementor-element-0c868c5\" data-id=\"0c868c5\" data-element_type=\"column\">\n\t\t\t<div class=\"elementor-widget-wrap elementor-element-populated\">\n\t\t\t\t\t\t<div class=\"elementor-element elementor-element-3dbbc40 elementor-widget elementor-widget-image\" data-id=\"3dbbc40\" data-element_type=\"widget\" data-widget_type=\"image.default\">\n\t\t\t\t<div class=\"elementor-widget-container\">\n\t\t\t\t\t\t\t\t\t\t\t\t\t\t\t<img decoding=\"async\" width=\"800\" height=\"538\" src=\"https:\/\/www.swisscanto-1e.ch\/wp-content\/uploads\/2024\/02\/Kuenzler_Tim.jpg\" class=\"attachment-large size-large wp-image-14371\" alt=\"\" srcset=\"https:\/\/www.swisscanto-1e.ch\/wp-content\/uploads\/2024\/02\/Kuenzler_Tim.jpg 800w, https:\/\/www.swisscanto-1e.ch\/wp-content\/uploads\/2024\/02\/Kuenzler_Tim-300x202.jpg 300w, https:\/\/www.swisscanto-1e.ch\/wp-content\/uploads\/2024\/02\/Kuenzler_Tim-768x516.jpg 768w\" sizes=\"(max-width: 800px) 100vw, 800px\" \/>\t\t\t\t\t\t\t\t\t\t\t\t\t\t\t<\/div>\n\t\t\t\t<\/div>\n\t\t\t\t\t<\/div>\n\t\t<\/div>\n\t\t\t\t<div class=\"elementor-column elementor-col-50 elementor-top-column elementor-element elementor-element-35a17e0\" data-id=\"35a17e0\" data-element_type=\"column\">\n\t\t\t<div class=\"elementor-widget-wrap elementor-element-populated\">\n\t\t\t\t\t\t<div class=\"elementor-element elementor-element-7816bce elementor-widget elementor-widget-heading\" data-id=\"7816bce\" data-element_type=\"widget\" data-widget_type=\"heading.default\">\n\t\t\t\t<div class=\"elementor-widget-container\">\n\t\t\t\t\t<h3 class=\"elementor-heading-title elementor-size-default\">Tim K\u00fcnzler<\/h3>\t\t\t\t<\/div>\n\t\t\t\t<\/div>\n\t\t\t\t<div class=\"elementor-element elementor-element-1c3494a elementor-widget elementor-widget-text-editor\" data-id=\"1c3494a\" data-element_type=\"widget\" data-widget_type=\"text-editor.default\">\n\t\t\t\t<div class=\"elementor-widget-container\">\n\t\t\t\t\t\t\t\t\t<p>Chef des ventes<\/p>\n\t\t\t\t\t\t\t\t<\/div>\n\t\t\t\t<\/div>\n\t\t\t\t<div class=\"elementor-element elementor-element-9349efe elementor-widget elementor-widget-button\" data-id=\"9349efe\" data-element_type=\"widget\" data-widget_type=\"button.default\">\n\t\t\t\t<div class=\"elementor-widget-container\">\n\t\t\t\t\t\t\t\t\t<div class=\"elementor-button-wrapper\">\n\t\t\t\t\t<a class=\"elementor-button elementor-button-link elementor-size-sm\" href=\"&#x6d;&#97;i&#x6c;&#116;o&#x3a;&#116;i&#x6d;&#46;k&#x75;&#101;n&#x7a;&#108;e&#x72;&#64;p&#x66;&#115;&#46;&#x63;&#104;\">\n\t\t\t\t\t\t<span class=\"elementor-button-content-wrapper\">\n\t\t\t\t\t\t\t\t\t<span class=\"elementor-button-text\">&#x74;i&#x6d;&#46;k&#x75;&#101;&#x6e;&#122;l&#x65;&#114;&#x40;&#112;f&#x73;&#46;&#x63;&#x68;<\/span>\n\t\t\t\t\t<\/span>\n\t\t\t\t\t<\/a>\n\t\t\t\t<\/div>\n\t\t\t\t\t\t\t\t<\/div>\n\t\t\t\t<\/div>\n\t\t\t\t<div class=\"elementor-element elementor-element-73f1b1f elementor-widget elementor-widget-text-editor\" data-id=\"73f1b1f\" data-element_type=\"widget\" data-widget_type=\"text-editor.default\">\n\t\t\t\t<div class=\"elementor-widget-container\">\n\t\t\t\t\t\t\t\t\t<p><strong>T\u00e9l\u00e9phone<\/strong> +41 43 210 19 83<\/p>\n\t\t\t\t\t\t\t\t<\/div>\n\t\t\t\t<\/div>\n\t\t\t\t\t<\/div>\n\t\t<\/div>\n\t\t\t\t\t<\/div>\n\t\t<\/section>\n\t\t\t\t<\/div>\n\t\t","protected":false},"excerpt":{"rendered":"<p>Contact Il est important pour nous de prendre soin de vous de mani\u00e8re globale dans le cadre d&rsquo;un partenariat personnel, comp\u00e9tent et de confiance. Contactez-nous pour une consultation. Adresse Swisscanto 1e Fondation CollectiveS\u00e4gereistrasse 298152 Glattbrugg T\u00e9l\u00e9phone +41 43 210 19 01 E-Mail &#x31;&#101;&#64;&#x70;&#102;s&#x2e;&#99;h Nicolas Wild Directeur g\u00e9n\u00e9ral &#x6e;&#x69;&#x63;&#x6f;&#x6c;&#x61;&#x73;&#x2e;&#x77;&#x69;&#x6c;&#100;&#64;&#112;&#102;&#115;&#46;&#99;h T\u00e9l\u00e9phone +41 43 210 19 93 Tim [&hellip;]<\/p>\n","protected":false},"author":2,"featured_media":0,"parent":0,"menu_order":90,"comment_status":"closed","ping_status":"closed","template":"","meta":{"_acf_changed":false,"footnotes":""},"class_list":["post-10584","page","type-page","status-publish","hentry"],"acf":[],"yoast_head":"<!-- This site is optimized with the Yoast SEO plugin v26.1.1 - https:\/\/yoast.com\/wordpress\/plugins\/seo\/ -->\n<title>Contactez-nous - Swisscanto 1e<\/title>\n<meta name=\"description\" content=\"Vous avez des questions sur la Swisscanto 1e Fondation Collective et les solutions de pr\u00e9voyance propos\u00e9es? N&#039;h\u00e9sitez pas \u00e0 nous contacter.\" \/>\n<meta name=\"robots\" content=\"index, follow, max-snippet:-1, max-image-preview:large, max-video-preview:-1\" \/>\n<link rel=\"canonical\" href=\"https:\/\/www.swisscanto-1e.ch\/fr\/contact\/\" \/>\n<meta property=\"og:locale\" content=\"fr_FR\" \/>\n<meta property=\"og:type\" content=\"article\" \/>\n<meta property=\"og:title\" content=\"Contactez-nous - Swisscanto 1e\" \/>\n<meta property=\"og:description\" content=\"Vous avez des questions sur la Swisscanto 1e Fondation Collective et les solutions de pr\u00e9voyance propos\u00e9es? N&#039;h\u00e9sitez pas \u00e0 nous contacter.\" \/>\n<meta property=\"og:url\" content=\"https:\/\/www.swisscanto-1e.ch\/fr\/contact\/\" \/>\n<meta property=\"og:site_name\" content=\"Swisscanto 1e\" \/>\n<meta property=\"article:modified_time\" content=\"2025-07-21T14:55:39+00:00\" \/>\n<meta property=\"og:image\" content=\"https:\/\/www.swisscanto-1e.ch\/wp-content\/uploads\/2025\/07\/upscalemedia-transformed-2-2560x1673.png\" \/>\n\t<meta property=\"og:image:width\" content=\"2560\" \/>\n\t<meta property=\"og:image:height\" content=\"1673\" \/>\n\t<meta property=\"og:image:type\" content=\"image\/png\" \/>\n<meta name=\"twitter:card\" content=\"summary_large_image\" \/>\n<meta name=\"twitter:label1\" content=\"Dur\u00e9e de lecture estim\u00e9e\" \/>\n\t<meta name=\"twitter:data1\" content=\"1 minute\" \/>\n<script type=\"application\/ld+json\" class=\"yoast-schema-graph\">{\"@context\":\"https:\/\/schema.org\",\"@graph\":[{\"@type\":\"WebPage\",\"@id\":\"https:\/\/www.swisscanto-1e.ch\/fr\/contact\/\",\"url\":\"https:\/\/www.swisscanto-1e.ch\/fr\/contact\/\",\"name\":\"Contactez-nous - Swisscanto 1e\",\"isPartOf\":{\"@id\":\"https:\/\/www.swisscanto-1e.ch\/fr\/#website\"},\"primaryImageOfPage\":{\"@id\":\"https:\/\/www.swisscanto-1e.ch\/fr\/contact\/#primaryimage\"},\"image\":{\"@id\":\"https:\/\/www.swisscanto-1e.ch\/fr\/contact\/#primaryimage\"},\"thumbnailUrl\":\"https:\/\/www.swisscanto-1e.ch\/wp-content\/uploads\/2025\/07\/upscalemedia-transformed-2-2560x1673.png\",\"datePublished\":\"2022-12-19T09:05:09+00:00\",\"dateModified\":\"2025-07-21T14:55:39+00:00\",\"description\":\"Vous avez des questions sur la Swisscanto 1e Fondation Collective et les solutions de pr\u00e9voyance propos\u00e9es? N'h\u00e9sitez pas \u00e0 nous contacter.\",\"breadcrumb\":{\"@id\":\"https:\/\/www.swisscanto-1e.ch\/fr\/contact\/#breadcrumb\"},\"inLanguage\":\"fr-FR\",\"potentialAction\":[{\"@type\":\"ReadAction\",\"target\":[\"https:\/\/www.swisscanto-1e.ch\/fr\/contact\/\"]}]},{\"@type\":\"ImageObject\",\"inLanguage\":\"fr-FR\",\"@id\":\"https:\/\/www.swisscanto-1e.ch\/fr\/contact\/#primaryimage\",\"url\":\"https:\/\/www.swisscanto-1e.ch\/wp-content\/uploads\/2025\/07\/upscalemedia-transformed-2-2560x1673.png\",\"contentUrl\":\"https:\/\/www.swisscanto-1e.ch\/wp-content\/uploads\/2025\/07\/upscalemedia-transformed-2-2560x1673.png\"},{\"@type\":\"BreadcrumbList\",\"@id\":\"https:\/\/www.swisscanto-1e.ch\/fr\/contact\/#breadcrumb\",\"itemListElement\":[{\"@type\":\"ListItem\",\"position\":1,\"name\":\"Home\",\"item\":\"https:\/\/www.swisscanto-1e.ch\/fr\/\"},{\"@type\":\"ListItem\",\"position\":2,\"name\":\"Contact\"}]},{\"@type\":\"WebSite\",\"@id\":\"https:\/\/www.swisscanto-1e.ch\/fr\/#website\",\"url\":\"https:\/\/www.swisscanto-1e.ch\/fr\/\",\"name\":\"Swisscanto 1e\",\"description\":\"\",\"publisher\":{\"@id\":\"https:\/\/www.swisscanto-1e.ch\/fr\/#organization\"},\"potentialAction\":[{\"@type\":\"SearchAction\",\"target\":{\"@type\":\"EntryPoint\",\"urlTemplate\":\"https:\/\/www.swisscanto-1e.ch\/fr\/?s={search_term_string}\"},\"query-input\":{\"@type\":\"PropertyValueSpecification\",\"valueRequired\":true,\"valueName\":\"search_term_string\"}}],\"inLanguage\":\"fr-FR\"},{\"@type\":\"Organization\",\"@id\":\"https:\/\/www.swisscanto-1e.ch\/fr\/#organization\",\"name\":\"Swisscanto 1e\",\"url\":\"https:\/\/www.swisscanto-1e.ch\/fr\/\",\"logo\":{\"@type\":\"ImageObject\",\"inLanguage\":\"fr-FR\",\"@id\":\"https:\/\/www.swisscanto-1e.ch\/fr\/#\/schema\/logo\/image\/\",\"url\":\"https:\/\/www.swisscanto-1e.ch\/wp-content\/uploads\/2025\/08\/SWCstift_1e_DE_hor_pos_sRGB.png\",\"contentUrl\":\"https:\/\/www.swisscanto-1e.ch\/wp-content\/uploads\/2025\/08\/SWCstift_1e_DE_hor_pos_sRGB.png\",\"width\":1218,\"height\":110,\"caption\":\"Swisscanto 1e\"},\"image\":{\"@id\":\"https:\/\/www.swisscanto-1e.ch\/fr\/#\/schema\/logo\/image\/\"}}]}<\/script>\n<!-- \/ Yoast SEO plugin. -->","yoast_head_json":{"title":"Contactez-nous - Swisscanto 1e","description":"Vous avez des questions sur la Swisscanto 1e Fondation Collective et les solutions de pr\u00e9voyance propos\u00e9es? N'h\u00e9sitez pas \u00e0 nous contacter.","robots":{"index":"index","follow":"follow","max-snippet":"max-snippet:-1","max-image-preview":"max-image-preview:large","max-video-preview":"max-video-preview:-1"},"canonical":"https:\/\/www.swisscanto-1e.ch\/fr\/contact\/","og_locale":"fr_FR","og_type":"article","og_title":"Contactez-nous - Swisscanto 1e","og_description":"Vous avez des questions sur la Swisscanto 1e Fondation Collective et les solutions de pr\u00e9voyance propos\u00e9es? N'h\u00e9sitez pas \u00e0 nous contacter.","og_url":"https:\/\/www.swisscanto-1e.ch\/fr\/contact\/","og_site_name":"Swisscanto 1e","article_modified_time":"2025-07-21T14:55:39+00:00","og_image":[{"width":2560,"height":1673,"url":"https:\/\/www.swisscanto-1e.ch\/wp-content\/uploads\/2025\/07\/upscalemedia-transformed-2-2560x1673.png","type":"image\/png"}],"twitter_card":"summary_large_image","twitter_misc":{"Dur\u00e9e de lecture estim\u00e9e":"1 minute"},"schema":{"@context":"https:\/\/schema.org","@graph":[{"@type":"WebPage","@id":"https:\/\/www.swisscanto-1e.ch\/fr\/contact\/","url":"https:\/\/www.swisscanto-1e.ch\/fr\/contact\/","name":"Contactez-nous - Swisscanto 1e","isPartOf":{"@id":"https:\/\/www.swisscanto-1e.ch\/fr\/#website"},"primaryImageOfPage":{"@id":"https:\/\/www.swisscanto-1e.ch\/fr\/contact\/#primaryimage"},"image":{"@id":"https:\/\/www.swisscanto-1e.ch\/fr\/contact\/#primaryimage"},"thumbnailUrl":"https:\/\/www.swisscanto-1e.ch\/wp-content\/uploads\/2025\/07\/upscalemedia-transformed-2-2560x1673.png","datePublished":"2022-12-19T09:05:09+00:00","dateModified":"2025-07-21T14:55:39+00:00","description":"Vous avez des questions sur la Swisscanto 1e Fondation Collective et les solutions de pr\u00e9voyance propos\u00e9es? N'h\u00e9sitez pas \u00e0 nous contacter.","breadcrumb":{"@id":"https:\/\/www.swisscanto-1e.ch\/fr\/contact\/#breadcrumb"},"inLanguage":"fr-FR","potentialAction":[{"@type":"ReadAction","target":["https:\/\/www.swisscanto-1e.ch\/fr\/contact\/"]}]},{"@type":"ImageObject","inLanguage":"fr-FR","@id":"https:\/\/www.swisscanto-1e.ch\/fr\/contact\/#primaryimage","url":"https:\/\/www.swisscanto-1e.ch\/wp-content\/uploads\/2025\/07\/upscalemedia-transformed-2-2560x1673.png","contentUrl":"https:\/\/www.swisscanto-1e.ch\/wp-content\/uploads\/2025\/07\/upscalemedia-transformed-2-2560x1673.png"},{"@type":"BreadcrumbList","@id":"https:\/\/www.swisscanto-1e.ch\/fr\/contact\/#breadcrumb","itemListElement":[{"@type":"ListItem","position":1,"name":"Home","item":"https:\/\/www.swisscanto-1e.ch\/fr\/"},{"@type":"ListItem","position":2,"name":"Contact"}]},{"@type":"WebSite","@id":"https:\/\/www.swisscanto-1e.ch\/fr\/#website","url":"https:\/\/www.swisscanto-1e.ch\/fr\/","name":"Swisscanto 1e","description":"","publisher":{"@id":"https:\/\/www.swisscanto-1e.ch\/fr\/#organization"},"potentialAction":[{"@type":"SearchAction","target":{"@type":"EntryPoint","urlTemplate":"https:\/\/www.swisscanto-1e.ch\/fr\/?s={search_term_string}"},"query-input":{"@type":"PropertyValueSpecification","valueRequired":true,"valueName":"search_term_string"}}],"inLanguage":"fr-FR"},{"@type":"Organization","@id":"https:\/\/www.swisscanto-1e.ch\/fr\/#organization","name":"Swisscanto 1e","url":"https:\/\/www.swisscanto-1e.ch\/fr\/","logo":{"@type":"ImageObject","inLanguage":"fr-FR","@id":"https:\/\/www.swisscanto-1e.ch\/fr\/#\/schema\/logo\/image\/","url":"https:\/\/www.swisscanto-1e.ch\/wp-content\/uploads\/2025\/08\/SWCstift_1e_DE_hor_pos_sRGB.png","contentUrl":"https:\/\/www.swisscanto-1e.ch\/wp-content\/uploads\/2025\/08\/SWCstift_1e_DE_hor_pos_sRGB.png","width":1218,"height":110,"caption":"Swisscanto 1e"},"image":{"@id":"https:\/\/www.swisscanto-1e.ch\/fr\/#\/schema\/logo\/image\/"}}]}},"_links":{"self":[{"href":"https:\/\/www.swisscanto-1e.ch\/fr\/wp-json\/wp\/v2\/pages\/10584","targetHints":{"allow":["GET"]}}],"collection":[{"href":"https:\/\/www.swisscanto-1e.ch\/fr\/wp-json\/wp\/v2\/pages"}],"about":[{"href":"https:\/\/www.swisscanto-1e.ch\/fr\/wp-json\/wp\/v2\/types\/page"}],"author":[{"embeddable":true,"href":"https:\/\/www.swisscanto-1e.ch\/fr\/wp-json\/wp\/v2\/users\/2"}],"replies":[{"embeddable":true,"href":"https:\/\/www.swisscanto-1e.ch\/fr\/wp-json\/wp\/v2\/comments?post=10584"}],"version-history":[{"count":16,"href":"https:\/\/www.swisscanto-1e.ch\/fr\/wp-json\/wp\/v2\/pages\/10584\/revisions"}],"predecessor-version":[{"id":16107,"href":"https:\/\/www.swisscanto-1e.ch\/fr\/wp-json\/wp\/v2\/pages\/10584\/revisions\/16107"}],"wp:attachment":[{"href":"https:\/\/www.swisscanto-1e.ch\/fr\/wp-json\/wp\/v2\/media?parent=10584"}],"curies":[{"name":"wp","href":"https:\/\/api.w.org\/{rel}","templated":true}]}}