{"id":10576,"date":"2022-11-19T09:51:51","date_gmt":"2022-11-19T08:51:51","guid":{"rendered":"https:\/\/www.swisscanto-1e.ch\/solutions-de-retraite\/"},"modified":"2026-03-02T07:37:19","modified_gmt":"2026-03-02T06:37:19","slug":"solutions-de-retraite","status":"publish","type":"page","link":"https:\/\/www.swisscanto-1e.ch\/fr\/solutions-de-retraite\/","title":{"rendered":"Solutions de pr\u00e9voyance"},"content":{"rendered":"\t\t<div data-elementor-type=\"wp-page\" data-elementor-id=\"10576\" class=\"elementor elementor-10576\" data-elementor-settings=\"{&quot;ha_cmc_init_switcher&quot;:&quot;no&quot;}\" data-elementor-post-type=\"page\">\n\t\t\t\t\t\t<section class=\"elementor-section elementor-top-section elementor-element elementor-element-bb5cab4 elementor-section-boxed elementor-section-height-default elementor-section-height-default\" data-id=\"bb5cab4\" data-element_type=\"section\" data-settings=\"{&quot;_ha_eqh_enable&quot;:false}\">\n\t\t\t\t\t\t<div class=\"elementor-container elementor-column-gap-default\">\n\t\t\t\t\t<div class=\"elementor-column elementor-col-100 elementor-top-column elementor-element elementor-element-e40303e\" data-id=\"e40303e\" data-element_type=\"column\">\n\t\t\t<div class=\"elementor-widget-wrap elementor-element-populated\">\n\t\t\t\t\t\t<div class=\"elementor-element elementor-element-e2776b7 elementor-widget elementor-widget-heading\" data-id=\"e2776b7\" data-element_type=\"widget\" data-widget_type=\"heading.default\">\n\t\t\t\t<div class=\"elementor-widget-container\">\n\t\t\t\t\t<h1 class=\"elementor-heading-title elementor-size-default\">Solutions de pr\u00e9voyance<\/h1>\t\t\t\t<\/div>\n\t\t\t\t<\/div>\n\t\t\t\t<div class=\"elementor-element elementor-element-6c7744d elementor-widget elementor-widget-text-editor\" data-id=\"6c7744d\" data-element_type=\"widget\" data-widget_type=\"text-editor.default\">\n\t\t\t\t<div class=\"elementor-widget-container\">\n\t\t\t\t\t\t\t\t\t<p>La Swisscanto 1e Fondation Collective est accessible aux personnes ayant des besoins de placement individuels. Les salari\u00e9s les mieux r\u00e9mun\u00e9r\u00e9s b\u00e9n\u00e9ficient d&rsquo;une plus grande responsabilit\u00e9 personnelle et d&rsquo;une plus grande autod\u00e9termination en mati\u00e8re de retraite professionnelle.<\/p>\n\t\t\t\t\t\t\t\t<\/div>\n\t\t\t\t<\/div>\n\t\t\t\t\t<\/div>\n\t\t<\/div>\n\t\t\t\t\t<\/div>\n\t\t<\/section>\n\t\t\t\t<section class=\"elementor-section elementor-top-section elementor-element elementor-element-5720771 elementor-section-boxed elementor-section-height-default elementor-section-height-default\" data-id=\"5720771\" data-element_type=\"section\" data-settings=\"{&quot;_ha_eqh_enable&quot;:false}\">\n\t\t\t\t\t\t<div class=\"elementor-container elementor-column-gap-no\">\n\t\t\t\t\t<div class=\"elementor-column elementor-col-100 elementor-top-column elementor-element elementor-element-8f8dfad\" data-id=\"8f8dfad\" data-element_type=\"column\">\n\t\t\t<div class=\"elementor-widget-wrap elementor-element-populated\">\n\t\t\t\t\t\t<div class=\"elementor-element elementor-element-3d1551c elementor-widget elementor-widget-image\" data-id=\"3d1551c\" data-element_type=\"widget\" data-widget_type=\"image.default\">\n\t\t\t\t<div class=\"elementor-widget-container\">\n\t\t\t\t\t\t\t\t\t\t\t\t\t\t\t<img fetchpriority=\"high\" decoding=\"async\" width=\"800\" height=\"400\" src=\"https:\/\/www.swisscanto-1e.ch\/wp-content\/uploads\/2023\/01\/Vorsorgeloesung-1e_Header.jpg\" class=\"attachment-large size-large wp-image-10360\" alt=\"\" srcset=\"https:\/\/www.swisscanto-1e.ch\/wp-content\/uploads\/2023\/01\/Vorsorgeloesung-1e_Header.jpg 1920w, https:\/\/www.swisscanto-1e.ch\/wp-content\/uploads\/2023\/01\/Vorsorgeloesung-1e_Header-300x150.jpg 300w, https:\/\/www.swisscanto-1e.ch\/wp-content\/uploads\/2023\/01\/Vorsorgeloesung-1e_Header-768x384.jpg 768w, https:\/\/www.swisscanto-1e.ch\/wp-content\/uploads\/2023\/01\/Vorsorgeloesung-1e_Header-1536x768.jpg 1536w\" sizes=\"(max-width: 800px) 100vw, 800px\" \/>\t\t\t\t\t\t\t\t\t\t\t\t\t\t\t<\/div>\n\t\t\t\t<\/div>\n\t\t\t\t\t<\/div>\n\t\t<\/div>\n\t\t\t\t\t<\/div>\n\t\t<\/section>\n\t\t\t\t<section class=\"elementor-section elementor-top-section elementor-element elementor-element-607c2fe elementor-section-boxed elementor-section-height-default elementor-section-height-default\" data-id=\"607c2fe\" data-element_type=\"section\" data-settings=\"{&quot;_ha_eqh_enable&quot;:false}\">\n\t\t\t\t\t\t<div class=\"elementor-container elementor-column-gap-default\">\n\t\t\t\t\t<div class=\"elementor-column elementor-col-100 elementor-top-column elementor-element elementor-element-b49db8e\" data-id=\"b49db8e\" data-element_type=\"column\">\n\t\t\t<div class=\"elementor-widget-wrap elementor-element-populated\">\n\t\t\t\t\t\t<div class=\"elementor-element elementor-element-0a74510 elementor-widget elementor-widget-heading\" data-id=\"0a74510\" data-element_type=\"widget\" data-widget_type=\"heading.default\">\n\t\t\t\t<div class=\"elementor-widget-container\">\n\t\t\t\t\t<h3 class=\"elementor-heading-title elementor-size-default\">Vos avantages<\/h3>\t\t\t\t<\/div>\n\t\t\t\t<\/div>\n\t\t\t\t<div class=\"elementor-element elementor-element-f2d26e4 elementor-widget elementor-widget-text-editor\" data-id=\"f2d26e4\" data-element_type=\"widget\" data-widget_type=\"text-editor.default\">\n\t\t\t\t<div class=\"elementor-widget-container\">\n\t\t\t\t\t\t\t\t\t<ul>\r\n \t<li>Avec la solution de pr\u00e9voyance 1e, vous d\u00e9terminez vous-m\u00eame votre strat\u00e9gie de placement<\/li>\r\n \t<li>La strat\u00e9gie d&rsquo;investissement peut \u00eatre modifi\u00e9e toutes les semaines si n\u00e9cessaire<\/li>\r\n \t<li>Vous pouvez actuellement choisir la bonne strat\u00e9gie d&rsquo;investissement parmi neuf strat\u00e9gies diff\u00e9rentes<\/li>\r\n \t<li>Vous pouvez optimiser votre propre rendement en fonction de votre horizon d&rsquo;investissement et de votre volont\u00e9 de prendre des risques<\/li>\r\n<\/ul>\t\t\t\t\t\t\t\t<\/div>\n\t\t\t\t<\/div>\n\t\t\t\t\t<\/div>\n\t\t<\/div>\n\t\t\t\t\t<\/div>\n\t\t<\/section>\n\t\t\t\t<section class=\"elementor-section elementor-top-section elementor-element elementor-element-d9ce10e elementor-section-boxed elementor-section-height-default elementor-section-height-default\" data-id=\"d9ce10e\" data-element_type=\"section\" data-settings=\"{&quot;_ha_eqh_enable&quot;:false}\">\n\t\t\t\t\t\t<div class=\"elementor-container elementor-column-gap-no\">\n\t\t\t\t\t<div class=\"elementor-column elementor-col-100 elementor-top-column elementor-element elementor-element-8770cdc\" data-id=\"8770cdc\" data-element_type=\"column\">\n\t\t\t<div class=\"elementor-widget-wrap elementor-element-populated\">\n\t\t\t\t\t\t<div class=\"elementor-element elementor-element-0d7654a elementor-widget elementor-widget-template\" data-id=\"0d7654a\" data-element_type=\"widget\" data-widget_type=\"template.default\">\n\t\t\t\t<div class=\"elementor-widget-container\">\n\t\t\t\t\t\t\t<div class=\"elementor-template\">\n\t\t\t\t\t<div data-elementor-type=\"section\" data-elementor-id=\"12993\" class=\"elementor elementor-12993 elementor-12988\" data-elementor-settings=\"{&quot;ha_cmc_init_switcher&quot;:&quot;no&quot;}\" data-elementor-post-type=\"elementor_library\">\n\t\t\t\t\t<section class=\"elementor-section elementor-top-section elementor-element elementor-element-5047151d red-teaser elementor-section-boxed elementor-section-height-default elementor-section-height-default\" data-id=\"5047151d\" data-element_type=\"section\" data-settings=\"{&quot;_ha_eqh_enable&quot;:false}\">\n\t\t\t\t\t\t<div class=\"elementor-container elementor-column-gap-no\">\n\t\t\t\t\t<div class=\"elementor-column elementor-col-100 elementor-top-column elementor-element elementor-element-2f55f031\" data-id=\"2f55f031\" data-element_type=\"column\">\n\t\t\t<div class=\"elementor-widget-wrap elementor-element-populated\">\n\t\t\t\t\t\t<div class=\"elementor-element elementor-element-63b5dd50 elementor-widget elementor-widget-ucaddon_contact_box\" data-id=\"63b5dd50\" data-element_type=\"widget\" data-widget_type=\"ucaddon_contact_box.default\">\n\t\t\t\t<div class=\"elementor-widget-container\">\n\t\t\t\t\t\n<!-- start Contact Box -->\n<style>\/* widget: Contact Box *\/\n\n.sc-contact-box {\n  background-color: #080F5E;\n  color: white;\n  padding: 78px;\n  position: relative;\n}\n.sc-contact-box .sc-headline h2 {\n  color: white;\n  font-weight: bold;\n}\n.sc-contact-box:hover .sc-headline h2 {\n  color: var(--e-global-color-text);\n}\n.sc-contact-box .sc-text {\n  margin-bottom: 60px;\n}\n.sc-contact-box .sc-contact-box-wrapper-link {\n  position: absolute;\n  top: 0;\n  left: 0;\n  right: 0;\n  bottom: 0;\n}\n.sc-contact-box .elementor-button-wrapper {\n  position: relative;\n}\n.sc-contact-box .elementor-button-wrapper .elementor-button {\n  color: white;\n  border-color: white;\n  text-decoration: none;\n}\n.sc-contact-box .elementor-button-wrapper .elementor-button:hover {\n  color: #BFE8FC;\n  border-color: #BFE8FC;\n}\n\n<\/style>\n\n<div id=\"uc_contact_box_elementor_63b5dd50\" class=\"sc-contact-box\">\n  <div class=\"sc-headline\">\n    <h2>Contactez-nous<\/h2>\n  <\/div>\n  <div class=\"sc-text\">\n    <p>Vous avez des questions sur notre organisation ? Nous sommes heureux d\u2019y r\u00e9pondre<\/p>\n\n  <\/div>\n  <a href=\"https:\/\/www.swisscanto-1e.ch\/fr\/contact\/\" class=\"sc-contact-box-wrapper-link\">&nbsp;<\/a>\n  <div class=\"elementor-button-wrapper\">\n    <a class=\"elementor-button elementor-button-link elementor-size-sm\" href=\"https:\/\/www.swisscanto-1e.ch\/fr\/contact\/\">\n      <span class=\"elementor-button-content-wrapper\">\n        <span class=\"elementor-button-text\">Contact<\/span>\n      <\/span>\n    <\/a>\n  <\/div>\n<\/div>\n<!-- end Contact Box -->\t\t\t\t<\/div>\n\t\t\t\t<\/div>\n\t\t\t\t\t<\/div>\n\t\t<\/div>\n\t\t\t\t\t<\/div>\n\t\t<\/section>\n\t\t\t\t<\/div>\n\t\t\t\t<\/div>\n\t\t\t\t\t\t<\/div>\n\t\t\t\t<\/div>\n\t\t\t\t\t<\/div>\n\t\t<\/div>\n\t\t\t\t\t<\/div>\n\t\t<\/section>\n\t\t\t\t<\/div>\n\t\t","protected":false},"excerpt":{"rendered":"<p>Solutions de pr\u00e9voyance La Swisscanto 1e Fondation Collective est accessible aux personnes ayant des besoins de placement individuels. Les salari\u00e9s les mieux r\u00e9mun\u00e9r\u00e9s b\u00e9n\u00e9ficient d&rsquo;une plus grande responsabilit\u00e9 personnelle et d&rsquo;une plus grande autod\u00e9termination en mati\u00e8re de retraite professionnelle. Vos avantages Avec la solution de pr\u00e9voyance 1e, vous d\u00e9terminez vous-m\u00eame votre strat\u00e9gie de placement La [&hellip;]<\/p>\n","protected":false},"author":2,"featured_media":0,"parent":0,"menu_order":40,"comment_status":"closed","ping_status":"closed","template":"","meta":{"_acf_changed":false,"footnotes":""},"class_list":["post-10576","page","type-page","status-publish","hentry"],"acf":[],"yoast_head":"<!-- This site is optimized with the Yoast SEO plugin v26.1.1 - https:\/\/yoast.com\/wordpress\/plugins\/seo\/ -->\n<title>Solutions de pr\u00e9voyance autod\u00e9termin\u00e9es - Swisscanto 1e<\/title>\n<meta name=\"description\" content=\"Plus d&#039;autod\u00e9termination dans la pr\u00e9voyance professionnelle : D\u00e9couvrez ici les 4 avantages d&#039;une solution de pr\u00e9voyance 1e.\" \/>\n<meta name=\"robots\" content=\"index, follow, max-snippet:-1, max-image-preview:large, max-video-preview:-1\" \/>\n<link rel=\"canonical\" href=\"https:\/\/www.swisscanto-1e.ch\/fr\/solutions-de-retraite\/\" \/>\n<meta property=\"og:locale\" content=\"fr_FR\" \/>\n<meta property=\"og:type\" content=\"article\" \/>\n<meta property=\"og:title\" content=\"Solutions de pr\u00e9voyance autod\u00e9termin\u00e9es - Swisscanto 1e\" \/>\n<meta property=\"og:description\" content=\"Plus d&#039;autod\u00e9termination dans la pr\u00e9voyance professionnelle : D\u00e9couvrez ici les 4 avantages d&#039;une solution de pr\u00e9voyance 1e.\" \/>\n<meta property=\"og:url\" content=\"https:\/\/www.swisscanto-1e.ch\/fr\/solutions-de-retraite\/\" \/>\n<meta property=\"og:site_name\" content=\"Swisscanto 1e\" \/>\n<meta property=\"article:modified_time\" content=\"2026-03-02T06:37:19+00:00\" \/>\n<meta property=\"og:image\" content=\"https:\/\/www.swisscanto-1e.ch\/wp-content\/uploads\/2023\/01\/Vorsorgeloesung-1e_Header.jpg\" \/>\n\t<meta property=\"og:image:width\" content=\"1920\" \/>\n\t<meta property=\"og:image:height\" content=\"960\" \/>\n\t<meta property=\"og:image:type\" content=\"image\/jpeg\" \/>\n<meta name=\"twitter:card\" content=\"summary_large_image\" \/>\n<meta name=\"twitter:label1\" content=\"Dur\u00e9e de lecture estim\u00e9e\" \/>\n\t<meta name=\"twitter:data1\" content=\"1 minute\" \/>\n<script type=\"application\/ld+json\" class=\"yoast-schema-graph\">{\"@context\":\"https:\/\/schema.org\",\"@graph\":[{\"@type\":\"WebPage\",\"@id\":\"https:\/\/www.swisscanto-1e.ch\/fr\/solutions-de-retraite\/\",\"url\":\"https:\/\/www.swisscanto-1e.ch\/fr\/solutions-de-retraite\/\",\"name\":\"Solutions de pr\u00e9voyance autod\u00e9termin\u00e9es - Swisscanto 1e\",\"isPartOf\":{\"@id\":\"https:\/\/www.swisscanto-1e.ch\/fr\/#website\"},\"primaryImageOfPage\":{\"@id\":\"https:\/\/www.swisscanto-1e.ch\/fr\/solutions-de-retraite\/#primaryimage\"},\"image\":{\"@id\":\"https:\/\/www.swisscanto-1e.ch\/fr\/solutions-de-retraite\/#primaryimage\"},\"thumbnailUrl\":\"https:\/\/www.swisscanto-1e.ch\/wp-content\/uploads\/2023\/01\/Vorsorgeloesung-1e_Header.jpg\",\"datePublished\":\"2022-11-19T08:51:51+00:00\",\"dateModified\":\"2026-03-02T06:37:19+00:00\",\"description\":\"Plus d'autod\u00e9termination dans la pr\u00e9voyance professionnelle : D\u00e9couvrez ici les 4 avantages d'une solution de pr\u00e9voyance 1e.\",\"breadcrumb\":{\"@id\":\"https:\/\/www.swisscanto-1e.ch\/fr\/solutions-de-retraite\/#breadcrumb\"},\"inLanguage\":\"fr-FR\",\"potentialAction\":[{\"@type\":\"ReadAction\",\"target\":[\"https:\/\/www.swisscanto-1e.ch\/fr\/solutions-de-retraite\/\"]}]},{\"@type\":\"ImageObject\",\"inLanguage\":\"fr-FR\",\"@id\":\"https:\/\/www.swisscanto-1e.ch\/fr\/solutions-de-retraite\/#primaryimage\",\"url\":\"https:\/\/www.swisscanto-1e.ch\/wp-content\/uploads\/2023\/01\/Vorsorgeloesung-1e_Header.jpg\",\"contentUrl\":\"https:\/\/www.swisscanto-1e.ch\/wp-content\/uploads\/2023\/01\/Vorsorgeloesung-1e_Header.jpg\"},{\"@type\":\"BreadcrumbList\",\"@id\":\"https:\/\/www.swisscanto-1e.ch\/fr\/solutions-de-retraite\/#breadcrumb\",\"itemListElement\":[{\"@type\":\"ListItem\",\"position\":1,\"name\":\"Home\",\"item\":\"https:\/\/www.swisscanto-1e.ch\/fr\/\"},{\"@type\":\"ListItem\",\"position\":2,\"name\":\"Solutions de pr\u00e9voyance\"}]},{\"@type\":\"WebSite\",\"@id\":\"https:\/\/www.swisscanto-1e.ch\/fr\/#website\",\"url\":\"https:\/\/www.swisscanto-1e.ch\/fr\/\",\"name\":\"Swisscanto 1e\",\"description\":\"\",\"publisher\":{\"@id\":\"https:\/\/www.swisscanto-1e.ch\/fr\/#organization\"},\"potentialAction\":[{\"@type\":\"SearchAction\",\"target\":{\"@type\":\"EntryPoint\",\"urlTemplate\":\"https:\/\/www.swisscanto-1e.ch\/fr\/?s={search_term_string}\"},\"query-input\":{\"@type\":\"PropertyValueSpecification\",\"valueRequired\":true,\"valueName\":\"search_term_string\"}}],\"inLanguage\":\"fr-FR\"},{\"@type\":\"Organization\",\"@id\":\"https:\/\/www.swisscanto-1e.ch\/fr\/#organization\",\"name\":\"Swisscanto 1e\",\"url\":\"https:\/\/www.swisscanto-1e.ch\/fr\/\",\"logo\":{\"@type\":\"ImageObject\",\"inLanguage\":\"fr-FR\",\"@id\":\"https:\/\/www.swisscanto-1e.ch\/fr\/#\/schema\/logo\/image\/\",\"url\":\"https:\/\/www.swisscanto-1e.ch\/wp-content\/uploads\/2025\/08\/SWCstift_1e_DE_hor_pos_sRGB.png\",\"contentUrl\":\"https:\/\/www.swisscanto-1e.ch\/wp-content\/uploads\/2025\/08\/SWCstift_1e_DE_hor_pos_sRGB.png\",\"width\":1218,\"height\":110,\"caption\":\"Swisscanto 1e\"},\"image\":{\"@id\":\"https:\/\/www.swisscanto-1e.ch\/fr\/#\/schema\/logo\/image\/\"}}]}<\/script>\n<!-- \/ Yoast SEO plugin. -->","yoast_head_json":{"title":"Solutions de pr\u00e9voyance autod\u00e9termin\u00e9es - Swisscanto 1e","description":"Plus d'autod\u00e9termination dans la pr\u00e9voyance professionnelle : D\u00e9couvrez ici les 4 avantages d'une solution de pr\u00e9voyance 1e.","robots":{"index":"index","follow":"follow","max-snippet":"max-snippet:-1","max-image-preview":"max-image-preview:large","max-video-preview":"max-video-preview:-1"},"canonical":"https:\/\/www.swisscanto-1e.ch\/fr\/solutions-de-retraite\/","og_locale":"fr_FR","og_type":"article","og_title":"Solutions de pr\u00e9voyance autod\u00e9termin\u00e9es - Swisscanto 1e","og_description":"Plus d'autod\u00e9termination dans la pr\u00e9voyance professionnelle : D\u00e9couvrez ici les 4 avantages d'une solution de pr\u00e9voyance 1e.","og_url":"https:\/\/www.swisscanto-1e.ch\/fr\/solutions-de-retraite\/","og_site_name":"Swisscanto 1e","article_modified_time":"2026-03-02T06:37:19+00:00","og_image":[{"width":1920,"height":960,"url":"https:\/\/www.swisscanto-1e.ch\/wp-content\/uploads\/2023\/01\/Vorsorgeloesung-1e_Header.jpg","type":"image\/jpeg"}],"twitter_card":"summary_large_image","twitter_misc":{"Dur\u00e9e de lecture estim\u00e9e":"1 minute"},"schema":{"@context":"https:\/\/schema.org","@graph":[{"@type":"WebPage","@id":"https:\/\/www.swisscanto-1e.ch\/fr\/solutions-de-retraite\/","url":"https:\/\/www.swisscanto-1e.ch\/fr\/solutions-de-retraite\/","name":"Solutions de pr\u00e9voyance autod\u00e9termin\u00e9es - Swisscanto 1e","isPartOf":{"@id":"https:\/\/www.swisscanto-1e.ch\/fr\/#website"},"primaryImageOfPage":{"@id":"https:\/\/www.swisscanto-1e.ch\/fr\/solutions-de-retraite\/#primaryimage"},"image":{"@id":"https:\/\/www.swisscanto-1e.ch\/fr\/solutions-de-retraite\/#primaryimage"},"thumbnailUrl":"https:\/\/www.swisscanto-1e.ch\/wp-content\/uploads\/2023\/01\/Vorsorgeloesung-1e_Header.jpg","datePublished":"2022-11-19T08:51:51+00:00","dateModified":"2026-03-02T06:37:19+00:00","description":"Plus d'autod\u00e9termination dans la pr\u00e9voyance professionnelle : D\u00e9couvrez ici les 4 avantages d'une solution de pr\u00e9voyance 1e.","breadcrumb":{"@id":"https:\/\/www.swisscanto-1e.ch\/fr\/solutions-de-retraite\/#breadcrumb"},"inLanguage":"fr-FR","potentialAction":[{"@type":"ReadAction","target":["https:\/\/www.swisscanto-1e.ch\/fr\/solutions-de-retraite\/"]}]},{"@type":"ImageObject","inLanguage":"fr-FR","@id":"https:\/\/www.swisscanto-1e.ch\/fr\/solutions-de-retraite\/#primaryimage","url":"https:\/\/www.swisscanto-1e.ch\/wp-content\/uploads\/2023\/01\/Vorsorgeloesung-1e_Header.jpg","contentUrl":"https:\/\/www.swisscanto-1e.ch\/wp-content\/uploads\/2023\/01\/Vorsorgeloesung-1e_Header.jpg"},{"@type":"BreadcrumbList","@id":"https:\/\/www.swisscanto-1e.ch\/fr\/solutions-de-retraite\/#breadcrumb","itemListElement":[{"@type":"ListItem","position":1,"name":"Home","item":"https:\/\/www.swisscanto-1e.ch\/fr\/"},{"@type":"ListItem","position":2,"name":"Solutions de pr\u00e9voyance"}]},{"@type":"WebSite","@id":"https:\/\/www.swisscanto-1e.ch\/fr\/#website","url":"https:\/\/www.swisscanto-1e.ch\/fr\/","name":"Swisscanto 1e","description":"","publisher":{"@id":"https:\/\/www.swisscanto-1e.ch\/fr\/#organization"},"potentialAction":[{"@type":"SearchAction","target":{"@type":"EntryPoint","urlTemplate":"https:\/\/www.swisscanto-1e.ch\/fr\/?s={search_term_string}"},"query-input":{"@type":"PropertyValueSpecification","valueRequired":true,"valueName":"search_term_string"}}],"inLanguage":"fr-FR"},{"@type":"Organization","@id":"https:\/\/www.swisscanto-1e.ch\/fr\/#organization","name":"Swisscanto 1e","url":"https:\/\/www.swisscanto-1e.ch\/fr\/","logo":{"@type":"ImageObject","inLanguage":"fr-FR","@id":"https:\/\/www.swisscanto-1e.ch\/fr\/#\/schema\/logo\/image\/","url":"https:\/\/www.swisscanto-1e.ch\/wp-content\/uploads\/2025\/08\/SWCstift_1e_DE_hor_pos_sRGB.png","contentUrl":"https:\/\/www.swisscanto-1e.ch\/wp-content\/uploads\/2025\/08\/SWCstift_1e_DE_hor_pos_sRGB.png","width":1218,"height":110,"caption":"Swisscanto 1e"},"image":{"@id":"https:\/\/www.swisscanto-1e.ch\/fr\/#\/schema\/logo\/image\/"}}]}},"_links":{"self":[{"href":"https:\/\/www.swisscanto-1e.ch\/fr\/wp-json\/wp\/v2\/pages\/10576","targetHints":{"allow":["GET"]}}],"collection":[{"href":"https:\/\/www.swisscanto-1e.ch\/fr\/wp-json\/wp\/v2\/pages"}],"about":[{"href":"https:\/\/www.swisscanto-1e.ch\/fr\/wp-json\/wp\/v2\/types\/page"}],"author":[{"embeddable":true,"href":"https:\/\/www.swisscanto-1e.ch\/fr\/wp-json\/wp\/v2\/users\/2"}],"replies":[{"embeddable":true,"href":"https:\/\/www.swisscanto-1e.ch\/fr\/wp-json\/wp\/v2\/comments?post=10576"}],"version-history":[{"count":17,"href":"https:\/\/www.swisscanto-1e.ch\/fr\/wp-json\/wp\/v2\/pages\/10576\/revisions"}],"predecessor-version":[{"id":17028,"href":"https:\/\/www.swisscanto-1e.ch\/fr\/wp-json\/wp\/v2\/pages\/10576\/revisions\/17028"}],"wp:attachment":[{"href":"https:\/\/www.swisscanto-1e.ch\/fr\/wp-json\/wp\/v2\/media?parent=10576"}],"curies":[{"name":"wp","href":"https:\/\/api.w.org\/{rel}","templated":true}]}}